{"id":269,"date":"2016-08-24T14:26:30","date_gmt":"2016-08-24T12:26:30","guid":{"rendered":"http:\/\/bokning.dev\/?page_id=269"},"modified":"2022-09-02T11:48:56","modified_gmt":"2022-09-02T09:48:56","slug":"regler","status":"publish","type":"page","link":"https:\/\/www8.informatik.umu.se\/~jlstrom\/dmp-bokning\/regler\/","title":{"rendered":"Regler"},"content":{"rendered":"<p><strong>Studenter som g\u00e5r Digital medieproduktion har m\u00f6jlighet att l\u00e5na foto-, video- och ljudutrustning av institutionen. F\u00f6ljande regler m\u00e5ste dock f\u00f6ljas f\u00f6r att bokningen ska fungera optimalt.<\/strong><\/p>\n<ul>\n<li>Utrustning h\u00e4mtas och l\u00e4mnas enligt \u00f6verenskommelse i MA336 f\u00f6r institutionen f\u00f6r informatik. Utl\u00e5ning och \u00e5terl\u00e4mning sker <strong>m\u00e5ndagar<\/strong>, <strong>onsdagar<\/strong> och <strong>fredagar<\/strong>, under f\u00f6ljande tider:\n<ul>\n<li><em>\u00c5terl\u00e4mning:<\/em> <strong>12:15 &#8211; 12:30<\/strong><\/li>\n<li><em>Uth\u00e4mtning:<\/em> <strong>12:30 &#8211; 12:45<\/strong><\/li>\n<li>Om ovanst\u00e5ende tider inte kan h\u00e5llas av n\u00e5gon anledning m\u00e5ste en \u00f6verenskommelse g\u00f6ras med n\u00e5gon av amanuenserna p\u00e5 f\u00f6rhand, f\u00f6retr\u00e4delsevis via ett mejl till <a href=\"mailto:amanuens@informatik.umu.se\">amanuens@informatik.umu.se<\/a>. Sjukdom och andra of\u00f6rutsedda h\u00e4ndelser m\u00e5ste ocks\u00e5 meddelas, s\u00e5 att vi kan f\u00f6rs\u00f6ka hitta en alternativ l\u00f6sning f\u00f6r de som v\u00e4ntar p\u00e5 utrustningen. Detta \u00e4r speciellt viktigt under de kurser d\u00e4r utrustningen anv\u00e4nds flitigt.<\/li>\n<\/ul>\n<\/li>\n<li>Boka utrustning genom att g\u00e5 till sidan <a href=\"http:\/\/www8.informatik.umu.se\/~jlstrom\/dmp-bokning\/book\/\">Bokning av utrustning<\/a>.\u00a0V\u00e4lj f\u00f6rst datum i kalendern och markera d\u00e4refter vilken utrustning du vill boka. Redan utl\u00e5nad utrustning \u00e4r \u00f6verstruken i utrustningslistan. Skriv sedan namn, anv\u00e4ndarnamn (dmph<em>xxxx<\/em>), telefonnummer i avsedda textf\u00e4lt och godk\u00e4nn dessa regler. Var noga att kontrollera s\u00e5 att all utrustning du beh\u00f6ver \u00e4r vald. D\u00e4refter kan du skicka in formul\u00e4ret.<\/li>\n<li>Utrustning bokas och l\u00e5nas f\u00f6r tv\u00e5 dagar i taget (48h). Med undantag f\u00f6r n\u00e4r utl\u00e5ning sker p\u00e5 en fredag och d\u00e5 \u00e5terl\u00e4mnas m\u00e5ndagen d\u00e4rp\u00e5. Vill ni g\u00f6ra l\u00e4ngre bokningar beh\u00f6ver ni meddela utl\u00e5ningsansvarig om vilken kurs ni g\u00e5r och vem som \u00e4r ansvarig f\u00f6r den, s\u00e5 avg\u00f6r de tv\u00e5 i samr\u00e5d med varandra om huruvida det g\u00e5r bra.<\/li>\n<li>L\u00e5nar ni p\u00e5 en fredag l\u00e4mnar ni tillbaka utrustningen p\u00e5 m\u00e5ndag.<\/li>\n<li>\u00c5terl\u00e4mna utrustningen i det skick ni skulle vilja ta emot den, med laddade batterier och alla tillbeh\u00f6r p\u00e5 plats.<\/li>\n<li>Innan \u00e5terl\u00e4mning ska kameror och ljudutrustning formateras (t\u00f6mma minneskortet). Detta g\u00f6r du i meny &#8211; inst\u00e4llningar \/ SD card &#8211; format. Se instruktionsfilm p\u00e5 hur du formaterar kamera h\u00e4r: https:\/\/www.youtube.com\/watch?v=p6pTv9WpSCQ<\/li>\n<\/ul>\n","protected":false},"excerpt":{"rendered":"<p>Studenter som g\u00e5r Digital medieproduktion har m\u00f6jlighet att l\u00e5na foto-, video- och ljudutrustning av institutionen. F\u00f6ljande regler m\u00e5ste dock f\u00f6ljas f\u00f6r att bokningen ska fungera optimalt. Utrustning h\u00e4mtas och l\u00e4mnas enligt \u00f6verenskommelse i MA336 f\u00f6r institutionen f\u00f6r informatik. Utl\u00e5ning och \u00e5terl\u00e4mning sker m\u00e5ndagar, onsdagar och fredagar, under f\u00f6ljande tider: \u00c5terl\u00e4mning: 12:15 &#8211; 12:30 Uth\u00e4mtning: 12:30&#8230;  <a class=\"excerpt-read-more\" href=\"https:\/\/www8.informatik.umu.se\/~jlstrom\/dmp-bokning\/regler\/\" title=\"L\u00e4sRegler\">L\u00e4s mer &raquo;<\/a><\/p>\n","protected":false},"author":1,"featured_media":0,"parent":0,"menu_order":0,"comment_status":"closed","ping_status":"closed","template":"","meta":{"footnotes":""},"acf":[],"_links":{"self":[{"href":"https:\/\/www8.informatik.umu.se\/~jlstrom\/dmp-bokning\/wp-json\/wp\/v2\/pages\/269"}],"collection":[{"href":"https:\/\/www8.informatik.umu.se\/~jlstrom\/dmp-bokning\/wp-json\/wp\/v2\/pages"}],"about":[{"href":"https:\/\/www8.informatik.umu.se\/~jlstrom\/dmp-bokning\/wp-json\/wp\/v2\/types\/page"}],"author":[{"embeddable":true,"href":"https:\/\/www8.informatik.umu.se\/~jlstrom\/dmp-bokning\/wp-json\/wp\/v2\/users\/1"}],"replies":[{"embeddable":true,"href":"https:\/\/www8.informatik.umu.se\/~jlstrom\/dmp-bokning\/wp-json\/wp\/v2\/comments?post=269"}],"version-history":[{"count":18,"href":"https:\/\/www8.informatik.umu.se\/~jlstrom\/dmp-bokning\/wp-json\/wp\/v2\/pages\/269\/revisions"}],"predecessor-version":[{"id":1730,"href":"https:\/\/www8.informatik.umu.se\/~jlstrom\/dmp-bokning\/wp-json\/wp\/v2\/pages\/269\/revisions\/1730"}],"wp:attachment":[{"href":"https:\/\/www8.informatik.umu.se\/~jlstrom\/dmp-bokning\/wp-json\/wp\/v2\/media?parent=269"}],"curies":[{"name":"wp","href":"https:\/\/api.w.org\/{rel}","templated":true}]}}